{"id":1602,"date":"2018-10-10T21:26:16","date_gmt":"2018-10-10T19:26:16","guid":{"rendered":"http:\/\/chiendeberger.fr\/?page_id=1602"},"modified":"2018-10-28T11:07:54","modified_gmt":"2018-10-28T10:07:54","slug":"coupe-de-france-continentale-2018","status":"publish","type":"page","link":"http:\/\/chiendeberger.fr\/index.php\/coupe-de-france-continentale-2018\/","title":{"rendered":"Coupe de France continentale 2018"},"content":{"rendered":"<h6 style=\"text-align: center;\">R\u00e9sultats de la Coupe de France continentale 2018<br \/>\nEvreux, 21 octobre 2018, Juge : J.L. Vadakarn<\/h6>\n<p><img decoding=\"async\" loading=\"lazy\" class=\"wp-image-1598 alignleft\" src=\"http:\/\/chiendeberger.fr\/wp-content\/uploads\/2018\/01\/Affiche_CDF2018_Conti_Evreux.jpg\" alt=\"\" width=\"218\" height=\"308\" srcset=\"http:\/\/chiendeberger.fr\/wp-content\/uploads\/2018\/01\/Affiche_CDF2018_Conti_Evreux.jpg 429w, http:\/\/chiendeberger.fr\/wp-content\/uploads\/2018\/01\/Affiche_CDF2018_Conti_Evreux-213x300.jpg 213w\" sizes=\"(max-width: 218px) 100vw, 218px\" \/><\/p>\n<p><img decoding=\"async\" loading=\"lazy\" class=\"wp-image-1634\" src=\"http:\/\/chiendeberger.fr\/wp-content\/uploads\/2018\/10\/Podium_CDF_Conti_2018_Evreux.jpg\" alt=\"\" width=\"320\" height=\"307\" srcset=\"http:\/\/chiendeberger.fr\/wp-content\/uploads\/2018\/10\/Podium_CDF_Conti_2018_Evreux.jpg 535w, http:\/\/chiendeberger.fr\/wp-content\/uploads\/2018\/10\/Podium_CDF_Conti_2018_Evreux-300x288.jpg 300w\" sizes=\"(max-width: 320px) 100vw, 320px\" \/><\/p>\n<p>Podium, au c\u00f4t\u00e9 du juge Jean-Luc Vadakarn:<br \/>\n1. Benoit Voisin avec Galopin, Berger des Pyr\u00e9n\u00e9es , Vainqueur de la Coupe de France Continentale 2018<br \/>\n2. G\u00e9rard Amoros avec LWhappa, Berger Picard<br \/>\n3. Philippe Haeyert avec Baccara, Bouvier des Ardennes<\/p>\n<h6 style=\"text-align: center;\">R\u00e9sultats de la Coupe de France continentale 2018, Evreux, 21.10.2018<\/h6>\n<span class=\"tablepress-table-description tablepress-table-description-id-26\">Coupe de France continentale 2018 (niveau 3), Juge: Jean-Luc Vadakarn<br \/>\nOrganisateur: Association du Berger Ancestral; Contact: Benoit Voisin<br \/>\nLieu: Evreux  Date: 21 octobre 2018<\/span>\n\n<table id=\"tablepress-26\" class=\"tablepress tablepress-id-26\">\n<thead>\n<tr class=\"row-1 odd\">\n\t<th class=\"column-1\">#<\/th><th class=\"column-2\">Conducteur<\/th><th class=\"column-3\">Nom du chien<\/th><th class=\"column-4\">Affixe<\/th><th class=\"column-5\">Race<\/th><th class=\"column-6\">S<\/th><th class=\"column-7\">R\u00e9sultat<\/th><th class=\"column-8\">Qualif 1<\/th><th class=\"column-9\">Qualif 2<\/th>\n<\/tr>\n<\/thead>\n<tbody class=\"row-hover\">\n<tr class=\"row-2 even\">\n\t<td class=\"column-1\">1<\/td><td class=\"column-2\">Voisin Benoit<\/td><td class=\"column-3\">Galopin<\/td><td class=\"column-4\"><\/td><td class=\"column-5\">B.PYR.P.L.<\/td><td class=\"column-6\">M<\/td><td class=\"column-7\">132.75<\/td><td class=\"column-8\">EXCELLENT<\/td><td class=\"column-9\"><\/td>\n<\/tr>\n<tr class=\"row-3 odd\">\n\t<td class=\"column-1\">2<\/td><td class=\"column-2\">Amoros G\u00e9rard<\/td><td class=\"column-3\">L'Wappa<\/td><td class=\"column-4\">Bergers des Fays<\/td><td class=\"column-5\">B.PICARD<\/td><td class=\"column-6\">F<\/td><td class=\"column-7\">126.00<\/td><td class=\"column-8\">EXCELLENT<\/td><td class=\"column-9\"><\/td>\n<\/tr>\n<tr class=\"row-4 even\">\n\t<td class=\"column-1\">3<\/td><td class=\"column-2\">Haeyaert Philippe<\/td><td class=\"column-3\">Baccara<\/td><td class=\"column-4\">De la Bergerie Bourbonnaise<\/td><td class=\"column-5\">BOU.ARD.<\/td><td class=\"column-6\">F<\/td><td class=\"column-7\">124.00<\/td><td class=\"column-8\">EXCELLENT<\/td><td class=\"column-9\"><\/td>\n<\/tr>\n<tr class=\"row-5 odd\">\n\t<td class=\"column-1\">4<\/td><td class=\"column-2\">Gambier Philippe<\/td><td class=\"column-3\">Jade<\/td><td class=\"column-4\">Des Feux Celestes<\/td><td class=\"column-5\">B.BEAUCE<\/td><td class=\"column-6\">F<\/td><td class=\"column-7\">122.75<\/td><td class=\"column-8\">EXCELLENT<\/td><td class=\"column-9\"><\/td>\n<\/tr>\n<tr class=\"row-6 even\">\n\t<td class=\"column-1\">5<\/td><td class=\"column-2\">Voisin Benoit<\/td><td class=\"column-3\">Ilous<\/td><td class=\"column-4\">Du Berger ancestral<\/td><td class=\"column-5\">B.BEAUCE<\/td><td class=\"column-6\">M<\/td><td class=\"column-7\">122.50<\/td><td class=\"column-8\">EXCELLENT<\/td><td class=\"column-9\"><\/td>\n<\/tr>\n<tr class=\"row-7 odd\">\n\t<td class=\"column-1\">6<\/td><td class=\"column-2\">Amoros G\u00e9rard<\/td><td class=\"column-3\">Guiness<\/td><td class=\"column-4\">Bergers des Fays<\/td><td class=\"column-5\">B.PICARD<\/td><td class=\"column-6\">F<\/td><td class=\"column-7\">116.25<\/td><td class=\"column-8\">TRES BON<\/td><td class=\"column-9\"><\/td>\n<\/tr>\n<tr class=\"row-8 even\">\n\t<td class=\"column-1\">7<\/td><td class=\"column-2\">Jaunin Steve<\/td><td class=\"column-3\">Gayak Bleu<\/td><td class=\"column-4\">Des Drayeres<\/td><td class=\"column-5\">B.PYR.P.L<\/td><td class=\"column-6\">M<\/td><td class=\"column-7\">87.50<\/td><td class=\"column-8\">BON<\/td><td class=\"column-9\"><\/td>\n<\/tr>\n<tr class=\"row-9 odd\">\n\t<td class=\"column-1\">8<\/td><td class=\"column-2\">Maurel Patrick<\/td><td class=\"column-3\">Jedi<\/td><td class=\"column-4\">De la Bergerie d'Elan<\/td><td class=\"column-5\">B.BEAUCE<\/td><td class=\"column-6\">M<\/td><td class=\"column-7\">83.00<\/td><td class=\"column-8\">BON<\/td><td class=\"column-9\"><\/td>\n<\/tr>\n<tr class=\"row-10 even\">\n\t<td class=\"column-1\">9<\/td><td class=\"column-2\">Salembier Monique<\/td><td class=\"column-3\">Ermione<\/td><td class=\"column-4\">Des Chartreuses de Saint Roch<\/td><td class=\"column-5\">B.BRIE<\/td><td class=\"column-6\">F<\/td><td class=\"column-7\">80.00<\/td><td class=\"column-8\">-<\/td><td class=\"column-9\"><\/td>\n<\/tr>\n<\/tbody>\n<\/table>\n<!-- #tablepress-26 from cache -->\n<p>Benoit Voisin avec Galopin, Vainqueur de la Coupe de France Continentale 2018<br \/>\n<img decoding=\"async\" loading=\"lazy\" class=\"aligncenter size-full wp-image-1640\" src=\"http:\/\/chiendeberger.fr\/wp-content\/uploads\/2018\/10\/BenoitVoisin_Galopin_CDF_Conti_2018_1.jpg\" alt=\"\" width=\"1331\" height=\"632\" srcset=\"http:\/\/chiendeberger.fr\/wp-content\/uploads\/2018\/10\/BenoitVoisin_Galopin_CDF_Conti_2018_1.jpg 1331w, http:\/\/chiendeberger.fr\/wp-content\/uploads\/2018\/10\/BenoitVoisin_Galopin_CDF_Conti_2018_1-300x142.jpg 300w, http:\/\/chiendeberger.fr\/wp-content\/uploads\/2018\/10\/BenoitVoisin_Galopin_CDF_Conti_2018_1-768x365.jpg 768w, http:\/\/chiendeberger.fr\/wp-content\/uploads\/2018\/10\/BenoitVoisin_Galopin_CDF_Conti_2018_1-1024x486.jpg 1024w\" sizes=\"(max-width: 1331px) 100vw, 1331px\" \/><br \/>\n<img decoding=\"async\" loading=\"lazy\" class=\"aligncenter size-full wp-image-1641\" src=\"http:\/\/chiendeberger.fr\/wp-content\/uploads\/2018\/10\/BenoitVoisin_Galopin_CDF_Conti_2018_2.jpg\" alt=\"\" width=\"1881\" height=\"809\" srcset=\"http:\/\/chiendeberger.fr\/wp-content\/uploads\/2018\/10\/BenoitVoisin_Galopin_CDF_Conti_2018_2.jpg 1881w, http:\/\/chiendeberger.fr\/wp-content\/uploads\/2018\/10\/BenoitVoisin_Galopin_CDF_Conti_2018_2-300x129.jpg 300w, http:\/\/chiendeberger.fr\/wp-content\/uploads\/2018\/10\/BenoitVoisin_Galopin_CDF_Conti_2018_2-768x330.jpg 768w, http:\/\/chiendeberger.fr\/wp-content\/uploads\/2018\/10\/BenoitVoisin_Galopin_CDF_Conti_2018_2-1024x440.jpg 1024w\" sizes=\"(max-width: 1881px) 100vw, 1881px\" \/><\/p>\n<p>2\u00e8me, G\u00e9rard Amoros avec L&rsquo;Wappa<br \/>\n<img decoding=\"async\" loading=\"lazy\" class=\"aligncenter size-full wp-image-1642\" src=\"http:\/\/chiendeberger.fr\/wp-content\/uploads\/2018\/10\/GerardAmoros_CDF_Conti_2018_3.jpg\" alt=\"\" width=\"1739\" height=\"1052\" srcset=\"http:\/\/chiendeberger.fr\/wp-content\/uploads\/2018\/10\/GerardAmoros_CDF_Conti_2018_3.jpg 1739w, http:\/\/chiendeberger.fr\/wp-content\/uploads\/2018\/10\/GerardAmoros_CDF_Conti_2018_3-300x181.jpg 300w, http:\/\/chiendeberger.fr\/wp-content\/uploads\/2018\/10\/GerardAmoros_CDF_Conti_2018_3-768x465.jpg 768w, http:\/\/chiendeberger.fr\/wp-content\/uploads\/2018\/10\/GerardAmoros_CDF_Conti_2018_3-1024x619.jpg 1024w\" sizes=\"(max-width: 1739px) 100vw, 1739px\" \/><br \/>\n<img decoding=\"async\" loading=\"lazy\" class=\"aligncenter size-full wp-image-1643\" src=\"http:\/\/chiendeberger.fr\/wp-content\/uploads\/2018\/10\/GerardAmoros_CDF_Conti_2018_4.jpg\" alt=\"\" width=\"1045\" height=\"638\" srcset=\"http:\/\/chiendeberger.fr\/wp-content\/uploads\/2018\/10\/GerardAmoros_CDF_Conti_2018_4.jpg 1045w, http:\/\/chiendeberger.fr\/wp-content\/uploads\/2018\/10\/GerardAmoros_CDF_Conti_2018_4-300x183.jpg 300w, http:\/\/chiendeberger.fr\/wp-content\/uploads\/2018\/10\/GerardAmoros_CDF_Conti_2018_4-768x469.jpg 768w, http:\/\/chiendeberger.fr\/wp-content\/uploads\/2018\/10\/GerardAmoros_CDF_Conti_2018_4-1024x625.jpg 1024w\" sizes=\"(max-width: 1045px) 100vw, 1045px\" \/><\/p>\n<p>3\u00e8me, Philippe Haeyaert avec Baccara<br \/>\n<img decoding=\"async\" loading=\"lazy\" class=\"aligncenter size-full wp-image-1646\" src=\"http:\/\/chiendeberger.fr\/wp-content\/uploads\/2018\/10\/PhilippeHaeyaert_CDF_Conti_2018_1.jpg\" alt=\"\" width=\"1043\" height=\"679\" srcset=\"http:\/\/chiendeberger.fr\/wp-content\/uploads\/2018\/10\/PhilippeHaeyaert_CDF_Conti_2018_1.jpg 1043w, http:\/\/chiendeberger.fr\/wp-content\/uploads\/2018\/10\/PhilippeHaeyaert_CDF_Conti_2018_1-300x195.jpg 300w, http:\/\/chiendeberger.fr\/wp-content\/uploads\/2018\/10\/PhilippeHaeyaert_CDF_Conti_2018_1-768x500.jpg 768w, http:\/\/chiendeberger.fr\/wp-content\/uploads\/2018\/10\/PhilippeHaeyaert_CDF_Conti_2018_1-1024x667.jpg 1024w\" sizes=\"(max-width: 1043px) 100vw, 1043px\" \/><br \/>\n<img decoding=\"async\" loading=\"lazy\" class=\"aligncenter size-full wp-image-1647\" src=\"http:\/\/chiendeberger.fr\/wp-content\/uploads\/2018\/10\/PhilippeHaeyaert_CDF_Conti_2018_2.jpg\" alt=\"\" width=\"772\" height=\"963\" srcset=\"http:\/\/chiendeberger.fr\/wp-content\/uploads\/2018\/10\/PhilippeHaeyaert_CDF_Conti_2018_2.jpg 772w, http:\/\/chiendeberger.fr\/wp-content\/uploads\/2018\/10\/PhilippeHaeyaert_CDF_Conti_2018_2-240x300.jpg 240w, http:\/\/chiendeberger.fr\/wp-content\/uploads\/2018\/10\/PhilippeHaeyaert_CDF_Conti_2018_2-768x958.jpg 768w\" sizes=\"(max-width: 772px) 100vw, 772px\" \/><\/p>\n<p>&nbsp;<\/p>\n<blockquote class=\"wp-embedded-content\" data-secret=\"qzyZ8Hq61m\"><p><a href=\"http:\/\/chiendeberger.fr\/index.php\/albums\/album-coupe-de-france-continentale-2018-niveau-3-evreux-juge-j-l-vadakarn-21-10-2018\/\">Album Coupe de France Continentale 2018 (niveau 3), Evreux, juge J.L. Vadakarn, 21.10.2018<\/a><\/p><\/blockquote>\n<p><iframe class=\"wp-embedded-content\" sandbox=\"allow-scripts\" security=\"restricted\" style=\"position: absolute; clip: rect(1px, 1px, 1px, 1px);\" src=\"http:\/\/chiendeberger.fr\/index.php\/albums\/album-coupe-de-france-continentale-2018-niveau-3-evreux-juge-j-l-vadakarn-21-10-2018\/embed\/#?secret=qzyZ8Hq61m\" data-secret=\"qzyZ8Hq61m\" width=\"600\" height=\"338\" title=\"&laquo;&nbsp;Album Coupe de France Continentale 2018 (niveau 3), Evreux, juge J.L. Vadakarn, 21.10.2018&nbsp;&raquo; &#8212; chien de berger continental\" frameborder=\"0\" marginwidth=\"0\" marginheight=\"0\" scrolling=\"no\"><\/iframe><\/p>\n","protected":false},"excerpt":{"rendered":"<p>R\u00e9sultats de la Coupe de France continentale 2018 Evreux, 21 octobre 2018, Juge : J.L. Vadakarn Podium, au c\u00f4t\u00e9 du juge Jean-Luc Vadakarn: 1. Benoit Voisin avec Galopin, Berger des Pyr\u00e9n\u00e9es , Vainqueur de la Coupe de France Continentale 2018 2. G\u00e9rard Amoros avec LWhappa, Berger Picard 3. Philippe Haeyert avec Baccara, Bouvier des Ardennes [&hellip;]<\/p>\n","protected":false},"author":1,"featured_media":0,"parent":0,"menu_order":0,"comment_status":"closed","ping_status":"closed","template":"","meta":[],"_links":{"self":[{"href":"http:\/\/chiendeberger.fr\/index.php\/wp-json\/wp\/v2\/pages\/1602"}],"collection":[{"href":"http:\/\/chiendeberger.fr\/index.php\/wp-json\/wp\/v2\/pages"}],"about":[{"href":"http:\/\/chiendeberger.fr\/index.php\/wp-json\/wp\/v2\/types\/page"}],"author":[{"embeddable":true,"href":"http:\/\/chiendeberger.fr\/index.php\/wp-json\/wp\/v2\/users\/1"}],"replies":[{"embeddable":true,"href":"http:\/\/chiendeberger.fr\/index.php\/wp-json\/wp\/v2\/comments?post=1602"}],"version-history":[{"count":12,"href":"http:\/\/chiendeberger.fr\/index.php\/wp-json\/wp\/v2\/pages\/1602\/revisions"}],"predecessor-version":[{"id":1670,"href":"http:\/\/chiendeberger.fr\/index.php\/wp-json\/wp\/v2\/pages\/1602\/revisions\/1670"}],"wp:attachment":[{"href":"http:\/\/chiendeberger.fr\/index.php\/wp-json\/wp\/v2\/media?parent=1602"}],"curies":[{"name":"wp","href":"https:\/\/api.w.org\/{rel}","templated":true}]}}