{"id":2701,"date":"2021-03-10T23:35:54","date_gmt":"2021-03-10T22:35:54","guid":{"rendered":"http:\/\/chiendeberger.fr\/?page_id=2701"},"modified":"2021-03-10T23:35:54","modified_gmt":"2021-03-10T22:35:54","slug":"comptes-rendus-du-groupe-de-travail","status":"publish","type":"page","link":"http:\/\/chiendeberger.fr\/index.php\/comptes-rendus-du-groupe-de-travail\/","title":{"rendered":"Comptes rendus du groupe de travail"},"content":{"rendered":"<h5>Compte rendus du groupe de travail<\/h5>\n<p>Lors de sa s\u00e9ance du 24 f\u00e9vrier 2021 le groupe de travail a d\u00e9cid\u00e9 de publier sur le site des brefs compte rendus sur les r\u00e9unions et les travaux du groupe de travail (\u00e0 partir des s\u00e9ances du 30 d\u00e9cembre 2020)<\/p>\n<h6>24 f\u00e9vrier 2021 (r\u00e9union en mode virtuel)<\/h6>\n<p>&#8211; d\u00e9cision: Une courte fiche d&rsquo;\u00e9valuation sera mise \u00e0 disposition des concurrents \u00e0 chaque concours conti en vue de rendre compte de leurs impressions et aussi de l&rsquo;am\u00e9lioration constante des concours<br \/>\n&#8211; discussion du calendrier et des affaires administratives li\u00e9es aux concours 2021<br \/>\n&#8211; en vue d&rsquo;une plus grande diversit\u00e9 des juges, discussion sur l&rsquo;\u00e9largissement \u00e9ventuel des juges pour les concours continentaux en attendant de nouvelles nominations.<br \/>\n&#8211; d\u00e9cision: un bref compte rendu sera mis sur le site internet sur les r\u00e9unions et les travaux du groupe de travail<\/p>\n<h6>30 d\u00e9cembre 2020\u00a0 (r\u00e9union en mode virtuel)<\/h6>\n<p>&#8211; nomination au sein du groupe de travail de Bianca Behets, 2 \u00e8me repr\u00e9sentante des concours continentaux<br \/>\n&#8211; discussion du calendrier et des affaires administratives li\u00e9es au concours 2021<br \/>\n&#8211; premi\u00e8re discussion sur des mesures en vue de recueillir les impressions des concurrents et des assesseurs sur les concours<\/p>\n<p>&nbsp;<\/p>\n","protected":false},"excerpt":{"rendered":"<p>Compte rendus du groupe de travail Lors de sa s\u00e9ance du 24 f\u00e9vrier 2021 le groupe de travail a d\u00e9cid\u00e9 de publier sur le site des brefs compte rendus sur les r\u00e9unions et les travaux du groupe de travail (\u00e0 partir des s\u00e9ances du 30 d\u00e9cembre 2020) 24 f\u00e9vrier 2021 (r\u00e9union en mode virtuel) &#8211; [&hellip;]<\/p>\n","protected":false},"author":1,"featured_media":0,"parent":0,"menu_order":0,"comment_status":"closed","ping_status":"closed","template":"","meta":[],"_links":{"self":[{"href":"http:\/\/chiendeberger.fr\/index.php\/wp-json\/wp\/v2\/pages\/2701"}],"collection":[{"href":"http:\/\/chiendeberger.fr\/index.php\/wp-json\/wp\/v2\/pages"}],"about":[{"href":"http:\/\/chiendeberger.fr\/index.php\/wp-json\/wp\/v2\/types\/page"}],"author":[{"embeddable":true,"href":"http:\/\/chiendeberger.fr\/index.php\/wp-json\/wp\/v2\/users\/1"}],"replies":[{"embeddable":true,"href":"http:\/\/chiendeberger.fr\/index.php\/wp-json\/wp\/v2\/comments?post=2701"}],"version-history":[{"count":1,"href":"http:\/\/chiendeberger.fr\/index.php\/wp-json\/wp\/v2\/pages\/2701\/revisions"}],"predecessor-version":[{"id":2702,"href":"http:\/\/chiendeberger.fr\/index.php\/wp-json\/wp\/v2\/pages\/2701\/revisions\/2702"}],"wp:attachment":[{"href":"http:\/\/chiendeberger.fr\/index.php\/wp-json\/wp\/v2\/media?parent=2701"}],"curies":[{"name":"wp","href":"https:\/\/api.w.org\/{rel}","templated":true}]}}