{"id":153,"date":"2017-06-02T00:08:12","date_gmt":"2017-06-01T22:08:12","guid":{"rendered":"http:\/\/chiendeberger.fr\/?page_id=153"},"modified":"2017-06-02T00:08:12","modified_gmt":"2017-06-01T22:08:12","slug":"philosophie","status":"publish","type":"page","link":"https:\/\/chiendeberger.fr\/index.php\/philosophie\/","title":{"rendered":"Philosophie"},"content":{"rendered":"<h6>Philosophie des concours continentaux<\/h6>\n<p>Revenir aux fondamentaux et remettre l&rsquo;accent sur la notion de pastoralisme, par exemple pour:<\/p>\n<ol>\n<li><strong>Le conducteur<\/strong>: il se doit d&rsquo;\u00eatre respectueux vis \u00e0 vis des brebis, de son chien et des autres concurrents, r\u00e9aliser son parcours sans crier, courir&#8230;sans brutalit\u00e9, en bref, il se doit d&rsquo;\u00eatre un bon berger, calme et charismatique. En acceptant de participer aux \u00e9preuves, il doit en accepter les jugements et respecter la charte de bonne conduite \u00e9dit\u00e9e par la SCC.<\/li>\n<li><strong>Les parcours<\/strong>: ils doivent \u00eatre repr\u00e9sentatifs d&rsquo;un vrai travail de berger, avec des obstacles r\u00e9alisables pour le conducteur et le chien. L&rsquo;\u00e9valuation portera aussi sur le travail du chien et le savoir faire du conducteur.<\/li>\n<\/ol>\n<p>Pour autant, on parle bien de concours et il s&rsquo;agit de montrer les qualit\u00e9s sp\u00e9cifiques de chaque race de chien avec un titre \u00e0 la cl\u00e9: \u00ab\u00a0la Coupe de France continentale\u00a0\u00bb. Cette coupe de France du travail pastoral se place sous le signe du partage de comp\u00e9tences entre conducteurs et de la convivialit\u00e9 sur le terrain. On peut participer avec fair-play et prendre du plaisir \u00e0 voir \u00e9voluer et r\u00e9ussir d&rsquo;autres chiens que les n\u00f4tres et ainsi apprendre encore d&rsquo;avantage.<\/p>\n","protected":false},"excerpt":{"rendered":"<p>Philosophie des concours continentaux Revenir aux fondamentaux et remettre l&rsquo;accent sur la notion de pastoralisme, par exemple pour: Le conducteur: il se doit d&rsquo;\u00eatre respectueux vis \u00e0 vis des brebis, de son chien et des autres concurrents, r\u00e9aliser son parcours sans crier, courir&#8230;sans brutalit\u00e9, en bref, il se doit d&rsquo;\u00eatre un bon berger, calme et [&hellip;]<\/p>\n","protected":false},"author":1,"featured_media":0,"parent":0,"menu_order":0,"comment_status":"closed","ping_status":"closed","template":"","meta":[],"_links":{"self":[{"href":"https:\/\/chiendeberger.fr\/index.php\/wp-json\/wp\/v2\/pages\/153"}],"collection":[{"href":"https:\/\/chiendeberger.fr\/index.php\/wp-json\/wp\/v2\/pages"}],"about":[{"href":"https:\/\/chiendeberger.fr\/index.php\/wp-json\/wp\/v2\/types\/page"}],"author":[{"embeddable":true,"href":"https:\/\/chiendeberger.fr\/index.php\/wp-json\/wp\/v2\/users\/1"}],"replies":[{"embeddable":true,"href":"https:\/\/chiendeberger.fr\/index.php\/wp-json\/wp\/v2\/comments?post=153"}],"version-history":[{"count":1,"href":"https:\/\/chiendeberger.fr\/index.php\/wp-json\/wp\/v2\/pages\/153\/revisions"}],"predecessor-version":[{"id":154,"href":"https:\/\/chiendeberger.fr\/index.php\/wp-json\/wp\/v2\/pages\/153\/revisions\/154"}],"wp:attachment":[{"href":"https:\/\/chiendeberger.fr\/index.php\/wp-json\/wp\/v2\/media?parent=153"}],"curies":[{"name":"wp","href":"https:\/\/api.w.org\/{rel}","templated":true}]}}