{"id":2412,"date":"2020-05-29T21:24:34","date_gmt":"2020-05-29T19:24:34","guid":{"rendered":"http:\/\/chiendeberger.fr\/?page_id=2412"},"modified":"2026-02-09T20:24:24","modified_gmt":"2026-02-09T19:24:24","slug":"centrale-canine-magazine-204","status":"publish","type":"page","link":"https:\/\/chiendeberger.fr\/","title":{"rendered":"Concours continentaux 2026"},"content":{"rendered":"<p><strong>CALENDRIER 2026<\/strong><\/p>\n<p><strong>des concours continentaux sur ovins, \u00e9tat au 09 f\u00e9vrier 2026 (derni\u00e8res modifications not\u00e9es en gras).<\/strong><\/p>\n<p>Changement de <strong>lieu <\/strong>au sujet du concours du 4 et 5 avril 2026 :<br \/>\nConcours continental N1-N3 \u00e0 <strong> 05140 Aspremont (Les pategues)<\/strong>, juge: JL. Vadakarn<br \/>\nOrganisateurs G\u00e9rard Amoros et Jean-Marc Bisquert.<br \/>\ninscriptions jusqu&rsquo;au 11 mars 2026 aupr\u00e8s de amorosgerard@orange.fr<\/p>\n<p>11 et 12 juillet 2026: Concours continental N1-N3 \u00e0 M\u00e9z\u00e9riat (01), juge: Ch.M\u00e9t\u00e9nier . Contact: G\u00e9rard Amoros inscriptions aupr\u00e8s de amorosgerard@orange.fr<\/p>\n<p>12-13 septembre 2026 : Concours continental N1-N3 pr\u00e9vu au Pizou (24), juge pr\u00e9vu: Pascal Beausoleil, contact: Anne-Sophie Lebrun<\/p>\n<p>4-5 octobre 2026: Concours continental N1-N3 pr\u00e9vu \u00e0 Aspremont (05), juge: J.L. Vadakarn. Contact: JM. Bisquert<\/p>\n<p><strong>Merci d&rsquo;attendre l&rsquo;affichage des concours dans le calendrier officiel avant de vous inscrire.<\/strong><\/p>\n<p>D&rsquo;autres concours en pr\u00e9paration.<\/p>\n<h6>Pour les futurs organisateurs qui envisagent un concours<\/h6>\n<p>Merci de nous informer car des concours sont d\u00e9j\u00e0 pr\u00e9vus, ceci pour \u00e9viter de se chevaucher, de prendre le m\u00eame juge. Merci de nous pr\u00e9venir pour que l&rsquo;on puisse faire \u00e9taler ces concours dans la mesure du possible. Bienvenu aux nouveaux organisateurs et organisatrices. Contact: <a href=\"mailto:mnchanlon@gmail.com\">mnchanlon@gmail.com<\/a><\/p>\n<h6><img decoding=\"async\" loading=\"lazy\" class=\"wp-image-3126 aligncenter\" src=\"http:\/\/chiendeberger.fr\/wp-content\/uploads\/2023\/06\/27-06-_2023_19-15-07-Whappa-300x213.jpg\" alt=\"\" width=\"441\" height=\"314\" srcset=\"https:\/\/chiendeberger.fr\/wp-content\/uploads\/2023\/06\/27-06-_2023_19-15-07-Whappa-300x213.jpg 300w, https:\/\/chiendeberger.fr\/wp-content\/uploads\/2023\/06\/27-06-_2023_19-15-07-Whappa-1024x726.jpg 1024w, https:\/\/chiendeberger.fr\/wp-content\/uploads\/2023\/06\/27-06-_2023_19-15-07-Whappa.jpg 1370w\" sizes=\"(max-width: 441px) 100vw, 441px\" \/><\/h6>\n<h6><img decoding=\"async\" loading=\"lazy\" class=\"wp-image-3129 aligncenter\" src=\"http:\/\/chiendeberger.fr\/wp-content\/uploads\/2023\/06\/27-06-_2023_19-00-23-Iraty2-300x170.jpg\" alt=\"\" width=\"444\" height=\"251\" srcset=\"https:\/\/chiendeberger.fr\/wp-content\/uploads\/2023\/06\/27-06-_2023_19-00-23-Iraty2-300x170.jpg 300w, https:\/\/chiendeberger.fr\/wp-content\/uploads\/2023\/06\/27-06-_2023_19-00-23-Iraty2-1024x581.jpg 1024w, https:\/\/chiendeberger.fr\/wp-content\/uploads\/2023\/06\/27-06-_2023_19-00-23-Iraty2-768x436.jpg 768w, https:\/\/chiendeberger.fr\/wp-content\/uploads\/2023\/06\/27-06-_2023_19-00-23-Iraty2-1536x871.jpg 1536w, https:\/\/chiendeberger.fr\/wp-content\/uploads\/2023\/06\/27-06-_2023_19-00-23-Iraty2.jpg 1675w\" sizes=\"(max-width: 444px) 100vw, 444px\" \/><\/h6>\n<h6><\/h6>\n<h4>Re D\u00e9couvrez le <a href=\"https:\/\/www.centrale-canine.fr\/actualites\/decouvrez-la-revue-centrale-canine-magazine-au-format-digital?fbclid=IwAR01RnBKR6bag5jGUVDJBYOj7r5IVZf8CH9Or-Je0Ht7Ma3x9JB4-cAnzkA\">MAGAZINE 204 du 24 mars 2020<\/a> de la centrale canine<\/h4>\n<p>et en particulier le <a href=\"https:\/\/user-2201896696.cld.bz\/CCM204\/32\/\">compte rendu sur la Coupe de France continentale 2019, aux pages 33 et 34<\/a>.<\/p>\n","protected":false},"excerpt":{"rendered":"<p>CALENDRIER 2026 des concours continentaux sur ovins, \u00e9tat au 09 f\u00e9vrier 2026 (derni\u00e8res modifications not\u00e9es en gras). Changement de lieu au sujet du concours du 4 et 5 avril 2026 : Concours continental N1-N3 \u00e0 05140 Aspremont (Les pategues), juge: JL. Vadakarn Organisateurs G\u00e9rard Amoros et Jean-Marc Bisquert. inscriptions jusqu&rsquo;au 11 mars 2026 aupr\u00e8s de [&hellip;]<\/p>\n","protected":false},"author":1,"featured_media":0,"parent":0,"menu_order":0,"comment_status":"closed","ping_status":"closed","template":"","meta":[],"_links":{"self":[{"href":"https:\/\/chiendeberger.fr\/index.php\/wp-json\/wp\/v2\/pages\/2412"}],"collection":[{"href":"https:\/\/chiendeberger.fr\/index.php\/wp-json\/wp\/v2\/pages"}],"about":[{"href":"https:\/\/chiendeberger.fr\/index.php\/wp-json\/wp\/v2\/types\/page"}],"author":[{"embeddable":true,"href":"https:\/\/chiendeberger.fr\/index.php\/wp-json\/wp\/v2\/users\/1"}],"replies":[{"embeddable":true,"href":"https:\/\/chiendeberger.fr\/index.php\/wp-json\/wp\/v2\/comments?post=2412"}],"version-history":[{"count":173,"href":"https:\/\/chiendeberger.fr\/index.php\/wp-json\/wp\/v2\/pages\/2412\/revisions"}],"predecessor-version":[{"id":3757,"href":"https:\/\/chiendeberger.fr\/index.php\/wp-json\/wp\/v2\/pages\/2412\/revisions\/3757"}],"wp:attachment":[{"href":"https:\/\/chiendeberger.fr\/index.php\/wp-json\/wp\/v2\/media?parent=2412"}],"curies":[{"name":"wp","href":"https:\/\/api.w.org\/{rel}","templated":true}]}}